{"id":347,"date":"2021-05-14T08:16:46","date_gmt":"2021-05-14T08:16:46","guid":{"rendered":"https:\/\/szmszine.hu\/?page_id=347"},"modified":"2024-01-25T16:50:43","modified_gmt":"2024-01-25T16:50:43","slug":"szigetszentmiklosi-nagycsaladosok-egyesulete","status":"publish","type":"page","link":"https:\/\/szmszine.hu\/","title":{"rendered":"Home"},"content":{"rendered":"\t\t<div data-elementor-type=\"wp-page\" data-elementor-id=\"347\" class=\"elementor elementor-347\">\n\t\t\t\t\t\t<section class=\"elementor-section elementor-top-section elementor-element elementor-element-79c91db elementor-section-height-min-height elementor-section-full_width elementor-section-height-default elementor-section-items-middle\" data-id=\"79c91db\" data-element_type=\"section\" data-e-type=\"section\" data-settings=\"{&quot;background_background&quot;:&quot;classic&quot;}\">\n\t\t\t\t\t\t\t<div class=\"elementor-background-overlay\"><\/div>\n\t\t\t\t\t\t\t<div class=\"elementor-container elementor-column-gap-no\">\n\t\t\t\t\t<div class=\"elementor-column elementor-col-100 elementor-top-column elementor-element elementor-element-6837650\" data-id=\"6837650\" data-element_type=\"column\" data-e-type=\"column\">\n\t\t\t<div class=\"elementor-widget-wrap\">\n\t\t\t\t\t\t\t<\/div>\n\t\t<\/div>\n\t\t\t\t\t<\/div>\n\t\t<\/section>\n\t\t\t\t<section class=\"elementor-section elementor-top-section elementor-element elementor-element-75a72281 elementor-section-boxed elementor-section-height-default elementor-section-height-default\" data-id=\"75a72281\" data-element_type=\"section\" data-e-type=\"section\" data-settings=\"{&quot;background_background&quot;:&quot;classic&quot;}\">\n\t\t\t\t\t\t<div class=\"elementor-container elementor-column-gap-no\">\n\t\t\t\t\t<div class=\"elementor-column elementor-col-100 elementor-top-column elementor-element elementor-element-1a26a2f4\" data-id=\"1a26a2f4\" data-element_type=\"column\" data-e-type=\"column\">\n\t\t\t<div class=\"elementor-widget-wrap elementor-element-populated\">\n\t\t\t\t\t\t<div class=\"elementor-element elementor-element-66c8e780 elementor-widget elementor-widget-heading\" data-id=\"66c8e780\" data-element_type=\"widget\" data-e-type=\"widget\" data-widget_type=\"heading.default\">\n\t\t\t\t<div class=\"elementor-widget-container\">\n\t\t\t\t\t<h6 class=\"elementor-heading-title elementor-size-default\">t\u00e1mogat\u00f3ink<\/h6>\t\t\t\t<\/div>\n\t\t\t\t<\/div>\n\t\t\t\t<div class=\"elementor-element elementor-element-62529a5e elementor-arrows-position-outside elementor-widget elementor-widget-image-carousel\" data-id=\"62529a5e\" data-element_type=\"widget\" data-e-type=\"widget\" data-settings=\"{&quot;slides_to_show&quot;:&quot;5&quot;,&quot;slides_to_scroll&quot;:&quot;1&quot;,&quot;navigation&quot;:&quot;arrows&quot;,&quot;slides_to_show_tablet&quot;:&quot;4&quot;,&quot;image_spacing_custom&quot;:{&quot;unit&quot;:&quot;px&quot;,&quot;size&quot;:6,&quot;sizes&quot;:[]},&quot;slides_to_show_mobile&quot;:&quot;2&quot;,&quot;autoplay&quot;:&quot;yes&quot;,&quot;pause_on_hover&quot;:&quot;yes&quot;,&quot;pause_on_interaction&quot;:&quot;yes&quot;,&quot;autoplay_speed&quot;:5000,&quot;infinite&quot;:&quot;yes&quot;,&quot;speed&quot;:500,&quot;image_spacing_custom_tablet&quot;:{&quot;unit&quot;:&quot;px&quot;,&quot;size&quot;:&quot;&quot;,&quot;sizes&quot;:[]},&quot;image_spacing_custom_mobile&quot;:{&quot;unit&quot;:&quot;px&quot;,&quot;size&quot;:&quot;&quot;,&quot;sizes&quot;:[]}}\" data-widget_type=\"image-carousel.default\">\n\t\t\t\t<div class=\"elementor-widget-container\">\n\t\t\t\t\t\t\t<div class=\"elementor-image-carousel-wrapper swiper\" role=\"region\" aria-roledescription=\"carousel\" aria-label=\"K\u00e9p k\u00f6rhinta\" dir=\"ltr\">\n\t\t\t<div class=\"elementor-image-carousel swiper-wrapper\" aria-live=\"off\">\n\t\t\t\t\t\t\t\t<div class=\"swiper-slide\" role=\"group\" aria-roledescription=\"slide\" aria-label=\"1 \/ 13\"><figure class=\"swiper-slide-inner\"><img decoding=\"async\" class=\"swiper-slide-image\" src=\"https:\/\/szmszine.hu\/wp-content\/uploads\/2022\/02\/elelmibanklogo.png\" alt=\"Magyar \u00c9lelmiszerbank\" \/><figcaption class=\"elementor-image-carousel-caption\"><a href=\"https:\/\/www.elelmiszerbank.hu\"><br>Magyar \u00c9lelmiszerbank<\/a><\/figcaption><\/figure><\/div><div class=\"swiper-slide\" role=\"group\" aria-roledescription=\"slide\" aria-label=\"2 \/ 13\"><figure class=\"swiper-slide-inner\"><img decoding=\"async\" class=\"swiper-slide-image\" src=\"https:\/\/szmszine.hu\/wp-content\/uploads\/2022\/11\/Miniszterelnokseg.png\" alt=\"Minisztereln\u00f6ks\u00e9g\" \/><figcaption class=\"elementor-image-carousel-caption\"><a href=\"https:\/\/kormany.hu\/miniszterelnokseg\"><br>Minisztereln\u00f6ks\u00e9g<\/a><\/figcaption><\/figure><\/div><div class=\"swiper-slide\" role=\"group\" aria-roledescription=\"slide\" aria-label=\"3 \/ 13\"><figure class=\"swiper-slide-inner\"><img decoding=\"async\" class=\"swiper-slide-image\" src=\"https:\/\/szmszine.hu\/wp-content\/uploads\/2022\/11\/BGA.png\" alt=\"BGA\" \/><figcaption class=\"elementor-image-carousel-caption\"><a href=\"https:\/\/bgazrt.hu\"><br>Bethlen G\u00e1bor Alapkezel\u0151 Zrt.<\/a><\/figcaption><\/figure><\/div><div class=\"swiper-slide\" role=\"group\" aria-roledescription=\"slide\" aria-label=\"4 \/ 13\"><figure class=\"swiper-slide-inner\"><img decoding=\"async\" class=\"swiper-slide-image\" src=\"https:\/\/szmszine.hu\/wp-content\/uploads\/2022\/02\/szigsz_logo.png\" alt=\"Szigetszentmikl\u00f3s \u00d6nkorm\u00e1nyzata\" \/><figcaption class=\"elementor-image-carousel-caption\"><a href=\"https:\/\/www.szigetszentmiklos.hu\"><br>Szigetszentmikl\u00f3s \u00d6nkorm\u00e1nyzata<\/a><\/figcaption><\/figure><\/div><div class=\"swiper-slide\" role=\"group\" aria-roledescription=\"slide\" aria-label=\"5 \/ 13\"><figure class=\"swiper-slide-inner\"><img decoding=\"async\" class=\"swiper-slide-image\" src=\"https:\/\/szmszine.hu\/wp-content\/uploads\/2022\/11\/NEA.png\" alt=\"Nemzeti Egy\u00fcttm\u0171k\u00f6d\u00e9si Alap\" \/><figcaption class=\"elementor-image-carousel-caption\"><a href=\"https:\/\/bgazrt.hu\/tamogatasok\/nemzeti-egyuttmukodesi-alap\/\"><br>Nemzeti Egy\u00fcttm\u0171k\u00f6d\u00e9si Alap<\/a><\/figcaption><\/figure><\/div><div class=\"swiper-slide\" role=\"group\" aria-roledescription=\"slide\" aria-label=\"6 \/ 13\"><figure class=\"swiper-slide-inner\"><img decoding=\"async\" class=\"swiper-slide-image\" src=\"https:\/\/szmszine.hu\/wp-content\/uploads\/2022\/02\/gere_pekseg_logo_narancs.png\" alt=\"Gere P\u00e9ks\u00e9g\" \/><figcaption class=\"elementor-image-carousel-caption\"><a href=\"https:\/\/www.gerepekseg.hu\"><br>Gere P\u00e9ks\u00e9g<\/a><\/figcaption><\/figure><\/div><div class=\"swiper-slide\" role=\"group\" aria-roledescription=\"slide\" aria-label=\"7 \/ 13\"><figure class=\"swiper-slide-inner\"><img decoding=\"async\" class=\"swiper-slide-image\" src=\"https:\/\/szmszine.hu\/wp-content\/uploads\/2022\/02\/lipotilogo.png\" alt=\"Lip\u00f3ti P\u00e9ks\u00e9g\" \/><figcaption class=\"elementor-image-carousel-caption\"><a href=\"https:\/\/www.lipotipekseg.hu\"><br>Lip\u00f3ti P\u00e9ks\u00e9g<\/a><\/figcaption><\/figure><\/div><div class=\"swiper-slide\" role=\"group\" aria-roledescription=\"slide\" aria-label=\"8 \/ 13\"><figure class=\"swiper-slide-inner\"><img decoding=\"async\" class=\"swiper-slide-image\" src=\"https:\/\/szmszine.hu\/wp-content\/uploads\/2022\/02\/paratlan_logo.jpg\" alt=\"P\u00e1ratlan Cukr\u00e1szda\" \/><figcaption class=\"elementor-image-carousel-caption\"><a href=\"https:\/\/www.tortasziget.hu\"><br>P\u00e1ratlan Cukr\u00e1szda<\/a><\/figcaption><\/figure><\/div><div class=\"swiper-slide\" role=\"group\" aria-roledescription=\"slide\" aria-label=\"9 \/ 13\"><figure class=\"swiper-slide-inner\"><img decoding=\"async\" class=\"swiper-slide-image\" src=\"https:\/\/szmszine.hu\/wp-content\/uploads\/2022\/02\/szmref_logo.png\" alt=\"Reform\u00e1tus Egyh\u00e1z\" \/><figcaption class=\"elementor-image-carousel-caption\"><a href=\"https:\/\/www.szszm-reformatus.hu\"><br>Reform\u00e1tus Egyh\u00e1z<\/a><\/figcaption><\/figure><\/div><div class=\"swiper-slide\" role=\"group\" aria-roledescription=\"slide\" aria-label=\"10 \/ 13\"><figure class=\"swiper-slide-inner\"><img decoding=\"async\" class=\"swiper-slide-image\" src=\"https:\/\/szmszine.hu\/wp-content\/uploads\/2022\/02\/MMSZ_logo_LR_neg-1.png\" alt=\"M\u00e1ltai Szeretetszolg\u00e1lat\" \/><figcaption class=\"elementor-image-carousel-caption\"><a href=\"https:\/\/www.maltai.hu\"><br>M\u00e1ltai Szeretetszolg\u00e1lat<\/a><\/figcaption><\/figure><\/div><div class=\"swiper-slide\" role=\"group\" aria-roledescription=\"slide\" aria-label=\"11 \/ 13\"><figure class=\"swiper-slide-inner\"><img decoding=\"async\" class=\"swiper-slide-image\" src=\"https:\/\/szmszine.hu\/wp-content\/uploads\/2022\/02\/Kepernyofoto-2020-10-14-23.09.43.png\" alt=\"Baptista Gy\u00fclekezet\" \/><figcaption class=\"elementor-image-carousel-caption\"><a href=\"https:\/\/www.miklosibaptista.hu\"><br>Baptista Gy\u00fclekezet<\/a><\/figcaption><\/figure><\/div><div class=\"swiper-slide\" role=\"group\" aria-roledescription=\"slide\" aria-label=\"12 \/ 13\"><figure class=\"swiper-slide-inner\"><img decoding=\"async\" class=\"swiper-slide-image\" src=\"https:\/\/szmszine.hu\/wp-content\/uploads\/2022\/09\/szm-voroskereszt.jpg\" alt=\"Szigetszentmikl\u00f3s V\u00e1rosi V\u00f6r\u00f6skereszt Alapszervezet\" \/><figcaption class=\"elementor-image-carousel-caption\"><a href=\"https:\/\/www.facebook.com\/sztmiklosivoroskereszt\">Szigetszentmikl\u00f3s V\u00e1rosi V\u00f6r\u00f6skereszt Alapszervezet<\/a><\/figcaption><\/figure><\/div><div class=\"swiper-slide\" role=\"group\" aria-roledescription=\"slide\" aria-label=\"13 \/ 13\"><figure class=\"swiper-slide-inner\"><img decoding=\"async\" class=\"swiper-slide-image\" src=\"https:\/\/szmszine.hu\/wp-content\/uploads\/2023\/05\/detti-e1683274339618.jpg\" alt=\"detti\" \/><\/figure><\/div>\t\t\t<\/div>\n\t\t\t\t\t\t\t\t\t\t\t\t<div class=\"elementor-swiper-button elementor-swiper-button-prev\" role=\"button\" tabindex=\"0\">\n\t\t\t\t\t\t<i aria-hidden=\"true\" class=\"eicon-chevron-left\"><\/i>\t\t\t\t\t<\/div>\n\t\t\t\t\t<div class=\"elementor-swiper-button elementor-swiper-button-next\" role=\"button\" tabindex=\"0\">\n\t\t\t\t\t\t<i aria-hidden=\"true\" class=\"eicon-chevron-right\"><\/i>\t\t\t\t\t<\/div>\n\t\t\t\t\n\t\t\t\t\t\t\t\t\t<\/div>\n\t\t\t\t\t\t<\/div>\n\t\t\t\t<\/div>\n\t\t\t\t\t<\/div>\n\t\t<\/div>\n\t\t\t\t\t<\/div>\n\t\t<\/section>\n\t\t\t\t<\/div>\n\t\t","protected":false},"excerpt":{"rendered":"<p>t\u00e1mogat\u00f3ink Magyar \u00c9lelmiszerbank Minisztereln\u00f6ks\u00e9g Bethlen G\u00e1bor Alapkezel\u0151 Zrt. Szigetszentmikl\u00f3s \u00d6nkorm\u00e1nyzata Nemzeti Egy\u00fcttm\u0171k\u00f6d\u00e9si Alap Gere P\u00e9ks\u00e9g Lip\u00f3ti P\u00e9ks\u00e9g P\u00e1ratlan Cukr\u00e1szda Reform\u00e1tus Egyh\u00e1z M\u00e1ltai Szeretetszolg\u00e1lat Baptista Gy\u00fclekezet Szigetszentmikl\u00f3s V\u00e1rosi V\u00f6r\u00f6skereszt Alapszervezet<\/p>\n","protected":false},"author":1,"featured_media":0,"parent":0,"menu_order":0,"comment_status":"closed","ping_status":"closed","template":"","meta":{"site-sidebar-layout":"no-sidebar","site-content-layout":"page-builder","ast-site-content-layout":"default","site-content-style":"default","site-sidebar-style":"default","ast-global-header-display":"","ast-banner-title-visibility":"","ast-main-header-display":"","ast-hfb-above-header-display":"","ast-hfb-below-header-display":"","ast-hfb-mobile-header-display":"","site-post-title":"disabled","ast-breadcrumbs-content":"disabled","ast-featured-img":"disabled","footer-sml-layout":"","ast-disable-related-posts":"","theme-transparent-header-meta":"enabled","adv-header-id-meta":"","stick-header-meta":"","header-above-stick-meta":"","header-main-stick-meta":"","header-below-stick-meta":"","astra-migrate-meta-layouts":"default","ast-page-background-enabled":"default","ast-page-background-meta":{"desktop":{"background-color":"","background-image":"","background-repeat":"repeat","background-position":"center center","background-size":"auto","background-attachment":"scroll","background-type":"","background-media":"","overlay-type":"","overlay-color":"","overlay-opacity":"","overlay-gradient":""},"tablet":{"background-color":"","background-image":"","background-repeat":"repeat","background-position":"center center","background-size":"auto","background-attachment":"scroll","background-type":"","background-media":"","overlay-type":"","overlay-color":"","overlay-opacity":"","overlay-gradient":""},"mobile":{"background-color":"","background-image":"","background-repeat":"repeat","background-position":"center center","background-size":"auto","background-attachment":"scroll","background-type":"","background-media":"","overlay-type":"","overlay-color":"","overlay-opacity":"","overlay-gradient":""}},"ast-content-background-meta":{"desktop":{"background-color":"var(--ast-global-color-5)","background-image":"","background-repeat":"repeat","background-position":"center center","background-size":"auto","background-attachment":"scroll","background-type":"","background-media":"","overlay-type":"","overlay-color":"","overlay-opacity":"","overlay-gradient":""},"tablet":{"background-color":"var(--ast-global-color-5)","background-image":"","background-repeat":"repeat","background-position":"center center","background-size":"auto","background-attachment":"scroll","background-type":"","background-media":"","overlay-type":"","overlay-color":"","overlay-opacity":"","overlay-gradient":""},"mobile":{"background-color":"var(--ast-global-color-5)","background-image":"","background-repeat":"repeat","background-position":"center center","background-size":"auto","background-attachment":"scroll","background-type":"","background-media":"","overlay-type":"","overlay-color":"","overlay-opacity":"","overlay-gradient":""}},"footnotes":""},"class_list":["post-347","page","type-page","status-publish","hentry"],"yoast_head":"<!-- This site is optimized with the Yoast SEO plugin v27.4 - https:\/\/yoast.com\/product\/yoast-seo-wordpress\/ -->\n<title>Home - SZINE<\/title>\n<meta name=\"robots\" content=\"index, follow, max-snippet:-1, max-image-preview:large, max-video-preview:-1\" \/>\n<link rel=\"canonical\" href=\"https:\/\/szmszine.hu\/\" \/>\n<meta property=\"og:locale\" content=\"hu_HU\" \/>\n<meta property=\"og:type\" content=\"article\" \/>\n<meta property=\"og:title\" content=\"Home - SZINE\" \/>\n<meta property=\"og:description\" content=\"t\u00e1mogat\u00f3ink Magyar \u00c9lelmiszerbank Minisztereln\u00f6ks\u00e9g Bethlen G\u00e1bor Alapkezel\u0151 Zrt. Szigetszentmikl\u00f3s \u00d6nkorm\u00e1nyzata Nemzeti Egy\u00fcttm\u0171k\u00f6d\u00e9si Alap Gere P\u00e9ks\u00e9g Lip\u00f3ti P\u00e9ks\u00e9g P\u00e1ratlan Cukr\u00e1szda Reform\u00e1tus Egyh\u00e1z M\u00e1ltai Szeretetszolg\u00e1lat Baptista Gy\u00fclekezet Szigetszentmikl\u00f3s V\u00e1rosi V\u00f6r\u00f6skereszt Alapszervezet\" \/>\n<meta property=\"og:url\" content=\"https:\/\/szmszine.hu\/\" \/>\n<meta property=\"og:site_name\" content=\"SZINE\" \/>\n<meta property=\"article:publisher\" content=\"https:\/\/www.facebook.com\/groups\/187053814778139\" \/>\n<meta property=\"article:modified_time\" content=\"2024-01-25T16:50:43+00:00\" \/>\n<meta property=\"og:image\" content=\"https:\/\/szmszine.hu\/wp-content\/uploads\/2022\/02\/elelmibanklogo.png\" \/>\n<meta name=\"twitter:card\" content=\"summary_large_image\" \/>\n<meta name=\"twitter:label1\" content=\"Becs\u00fclt olvas\u00e1si id\u0151\" \/>\n\t<meta name=\"twitter:data1\" content=\"5 perc\" \/>\n<script type=\"application\/ld+json\" class=\"yoast-schema-graph\">{\"@context\":\"https:\\\/\\\/schema.org\",\"@graph\":[{\"@type\":\"WebPage\",\"@id\":\"https:\\\/\\\/szmszine.hu\\\/\",\"url\":\"https:\\\/\\\/szmszine.hu\\\/\",\"name\":\"Home - SZINE\",\"isPartOf\":{\"@id\":\"https:\\\/\\\/szmszine.hu\\\/#website\"},\"primaryImageOfPage\":{\"@id\":\"https:\\\/\\\/szmszine.hu\\\/#primaryimage\"},\"image\":{\"@id\":\"https:\\\/\\\/szmszine.hu\\\/#primaryimage\"},\"thumbnailUrl\":\"https:\\\/\\\/szmszine.hu\\\/wp-content\\\/uploads\\\/2022\\\/02\\\/elelmibanklogo.png\",\"datePublished\":\"2021-05-14T08:16:46+00:00\",\"dateModified\":\"2024-01-25T16:50:43+00:00\",\"breadcrumb\":{\"@id\":\"https:\\\/\\\/szmszine.hu\\\/#breadcrumb\"},\"inLanguage\":\"hu\",\"potentialAction\":[{\"@type\":\"ReadAction\",\"target\":[\"https:\\\/\\\/szmszine.hu\\\/\"]}]},{\"@type\":\"ImageObject\",\"inLanguage\":\"hu\",\"@id\":\"https:\\\/\\\/szmszine.hu\\\/#primaryimage\",\"url\":\"https:\\\/\\\/szmszine.hu\\\/wp-content\\\/uploads\\\/2022\\\/02\\\/elelmibanklogo.png\",\"contentUrl\":\"https:\\\/\\\/szmszine.hu\\\/wp-content\\\/uploads\\\/2022\\\/02\\\/elelmibanklogo.png\",\"width\":185,\"height\":66,\"caption\":\"Magyar \u00c9lelmiszerbank\"},{\"@type\":\"BreadcrumbList\",\"@id\":\"https:\\\/\\\/szmszine.hu\\\/#breadcrumb\",\"itemListElement\":[{\"@type\":\"ListItem\",\"position\":1,\"name\":\"Kezd\u0151lap\",\"item\":\"https:\\\/\\\/szmszine.hu\\\/\"},{\"@type\":\"ListItem\",\"position\":2,\"name\":\"Home\"}]},{\"@type\":\"WebSite\",\"@id\":\"https:\\\/\\\/szmszine.hu\\\/#website\",\"url\":\"https:\\\/\\\/szmszine.hu\\\/\",\"name\":\"SZINE\",\"description\":\"Szigetszentmikl\u00f3si Nagycsal\u00e1dosok Egyes\u00fclete\",\"publisher\":{\"@id\":\"https:\\\/\\\/szmszine.hu\\\/#organization\"},\"potentialAction\":[{\"@type\":\"SearchAction\",\"target\":{\"@type\":\"EntryPoint\",\"urlTemplate\":\"https:\\\/\\\/szmszine.hu\\\/?s={search_term_string}\"},\"query-input\":{\"@type\":\"PropertyValueSpecification\",\"valueRequired\":true,\"valueName\":\"search_term_string\"}}],\"inLanguage\":\"hu\"},{\"@type\":\"Organization\",\"@id\":\"https:\\\/\\\/szmszine.hu\\\/#organization\",\"name\":\"Sziagetszentmikl\u00f3si Nagycsal\u00e1dosok Egyes\u00fclete\",\"url\":\"https:\\\/\\\/szmszine.hu\\\/\",\"logo\":{\"@type\":\"ImageObject\",\"inLanguage\":\"hu\",\"@id\":\"https:\\\/\\\/szmszine.hu\\\/#\\\/schema\\\/logo\\\/image\\\/\",\"url\":\"https:\\\/\\\/szmszine.hu\\\/wp-content\\\/uploads\\\/2022\\\/02\\\/szine-logo-kicsi.png\",\"contentUrl\":\"https:\\\/\\\/szmszine.hu\\\/wp-content\\\/uploads\\\/2022\\\/02\\\/szine-logo-kicsi.png\",\"width\":180,\"height\":180,\"caption\":\"Sziagetszentmikl\u00f3si Nagycsal\u00e1dosok Egyes\u00fclete\"},\"image\":{\"@id\":\"https:\\\/\\\/szmszine.hu\\\/#\\\/schema\\\/logo\\\/image\\\/\"},\"sameAs\":[\"https:\\\/\\\/www.facebook.com\\\/groups\\\/187053814778139\"]}]}<\/script>\n<!-- \/ Yoast SEO plugin. -->","yoast_head_json":{"title":"Home - SZINE","robots":{"index":"index","follow":"follow","max-snippet":"max-snippet:-1","max-image-preview":"max-image-preview:large","max-video-preview":"max-video-preview:-1"},"canonical":"https:\/\/szmszine.hu\/","og_locale":"hu_HU","og_type":"article","og_title":"Home - SZINE","og_description":"t\u00e1mogat\u00f3ink Magyar \u00c9lelmiszerbank Minisztereln\u00f6ks\u00e9g Bethlen G\u00e1bor Alapkezel\u0151 Zrt. Szigetszentmikl\u00f3s \u00d6nkorm\u00e1nyzata Nemzeti Egy\u00fcttm\u0171k\u00f6d\u00e9si Alap Gere P\u00e9ks\u00e9g Lip\u00f3ti P\u00e9ks\u00e9g P\u00e1ratlan Cukr\u00e1szda Reform\u00e1tus Egyh\u00e1z M\u00e1ltai Szeretetszolg\u00e1lat Baptista Gy\u00fclekezet Szigetszentmikl\u00f3s V\u00e1rosi V\u00f6r\u00f6skereszt Alapszervezet","og_url":"https:\/\/szmszine.hu\/","og_site_name":"SZINE","article_publisher":"https:\/\/www.facebook.com\/groups\/187053814778139","article_modified_time":"2024-01-25T16:50:43+00:00","og_image":[{"url":"https:\/\/szmszine.hu\/wp-content\/uploads\/2022\/02\/elelmibanklogo.png","type":"","width":"","height":""}],"twitter_card":"summary_large_image","twitter_misc":{"Becs\u00fclt olvas\u00e1si id\u0151":"5 perc"},"schema":{"@context":"https:\/\/schema.org","@graph":[{"@type":"WebPage","@id":"https:\/\/szmszine.hu\/","url":"https:\/\/szmszine.hu\/","name":"Home - SZINE","isPartOf":{"@id":"https:\/\/szmszine.hu\/#website"},"primaryImageOfPage":{"@id":"https:\/\/szmszine.hu\/#primaryimage"},"image":{"@id":"https:\/\/szmszine.hu\/#primaryimage"},"thumbnailUrl":"https:\/\/szmszine.hu\/wp-content\/uploads\/2022\/02\/elelmibanklogo.png","datePublished":"2021-05-14T08:16:46+00:00","dateModified":"2024-01-25T16:50:43+00:00","breadcrumb":{"@id":"https:\/\/szmszine.hu\/#breadcrumb"},"inLanguage":"hu","potentialAction":[{"@type":"ReadAction","target":["https:\/\/szmszine.hu\/"]}]},{"@type":"ImageObject","inLanguage":"hu","@id":"https:\/\/szmszine.hu\/#primaryimage","url":"https:\/\/szmszine.hu\/wp-content\/uploads\/2022\/02\/elelmibanklogo.png","contentUrl":"https:\/\/szmszine.hu\/wp-content\/uploads\/2022\/02\/elelmibanklogo.png","width":185,"height":66,"caption":"Magyar \u00c9lelmiszerbank"},{"@type":"BreadcrumbList","@id":"https:\/\/szmszine.hu\/#breadcrumb","itemListElement":[{"@type":"ListItem","position":1,"name":"Kezd\u0151lap","item":"https:\/\/szmszine.hu\/"},{"@type":"ListItem","position":2,"name":"Home"}]},{"@type":"WebSite","@id":"https:\/\/szmszine.hu\/#website","url":"https:\/\/szmszine.hu\/","name":"SZINE","description":"Szigetszentmikl\u00f3si Nagycsal\u00e1dosok Egyes\u00fclete","publisher":{"@id":"https:\/\/szmszine.hu\/#organization"},"potentialAction":[{"@type":"SearchAction","target":{"@type":"EntryPoint","urlTemplate":"https:\/\/szmszine.hu\/?s={search_term_string}"},"query-input":{"@type":"PropertyValueSpecification","valueRequired":true,"valueName":"search_term_string"}}],"inLanguage":"hu"},{"@type":"Organization","@id":"https:\/\/szmszine.hu\/#organization","name":"Sziagetszentmikl\u00f3si Nagycsal\u00e1dosok Egyes\u00fclete","url":"https:\/\/szmszine.hu\/","logo":{"@type":"ImageObject","inLanguage":"hu","@id":"https:\/\/szmszine.hu\/#\/schema\/logo\/image\/","url":"https:\/\/szmszine.hu\/wp-content\/uploads\/2022\/02\/szine-logo-kicsi.png","contentUrl":"https:\/\/szmszine.hu\/wp-content\/uploads\/2022\/02\/szine-logo-kicsi.png","width":180,"height":180,"caption":"Sziagetszentmikl\u00f3si Nagycsal\u00e1dosok Egyes\u00fclete"},"image":{"@id":"https:\/\/szmszine.hu\/#\/schema\/logo\/image\/"},"sameAs":["https:\/\/www.facebook.com\/groups\/187053814778139"]}]}},"_links":{"self":[{"href":"https:\/\/szmszine.hu\/index.php?rest_route=\/wp\/v2\/pages\/347","targetHints":{"allow":["GET"]}}],"collection":[{"href":"https:\/\/szmszine.hu\/index.php?rest_route=\/wp\/v2\/pages"}],"about":[{"href":"https:\/\/szmszine.hu\/index.php?rest_route=\/wp\/v2\/types\/page"}],"author":[{"embeddable":true,"href":"https:\/\/szmszine.hu\/index.php?rest_route=\/wp\/v2\/users\/1"}],"replies":[{"embeddable":true,"href":"https:\/\/szmszine.hu\/index.php?rest_route=%2Fwp%2Fv2%2Fcomments&post=347"}],"version-history":[{"count":143,"href":"https:\/\/szmszine.hu\/index.php?rest_route=\/wp\/v2\/pages\/347\/revisions"}],"predecessor-version":[{"id":3352,"href":"https:\/\/szmszine.hu\/index.php?rest_route=\/wp\/v2\/pages\/347\/revisions\/3352"}],"wp:attachment":[{"href":"https:\/\/szmszine.hu\/index.php?rest_route=%2Fwp%2Fv2%2Fmedia&parent=347"}],"curies":[{"name":"wp","href":"https:\/\/api.w.org\/{rel}","templated":true}]}}